{"id":1326,"date":"2017-10-16T13:06:09","date_gmt":"2017-10-16T13:06:09","guid":{"rendered":"http:\/\/ninzio.com\/bauer\/?page_id=1326"},"modified":"2025-07-24T13:49:58","modified_gmt":"2025-07-24T10:49:58","slug":"referanslar","status":"publish","type":"page","link":"https:\/\/bdm.com.tr\/en\/referanslar\/","title":{"rendered":"References"},"content":{"rendered":"<div class=\"wpb-content-wrapper\"><div class=\"vc-custom-col-spacing clearfix vc-col-spacing-30\"><section id=\"first-row\" class=\"wpb_row vc_row-fluid vc_custom_1558595409249 vc_row-has-fill row-content-position-Default\"><div class=\"bauer-container\"><div class=\"row-inner clearfix\"><div class=\"wpb_column vc_column_container vc_col-sm-12\"><div class=\"vc_column-inner\"><div class=\"wpb_wrapper\">\r\n\t<div class=\"bauer-spacer clearfix\" data-desktop=\"94\" data-mobi=\"60\" data-smobi=\"60\"><\/div><div class=\"bauer-single-heading clearfix text-center\" style=\"margin-bottom:24px;\"><span class=\"inner\"><span class=\"heading clearfix  accent\" style=\"font-weight:600;font-size:16px;\">\r\n\t\tQuality and Reliability Our References\r\n\t<\/span><\/span><\/div><h2 class=\"bauer-text clearfix text-center\" style=\"font-size:42px;line-height:50px;margin-bottom:30px;\"><p>We are proud to work with leading companies and industry leaders.<\/p>\n<\/h2><div class=\"bauer-text clearfix text-center\" style=\"font-size:18px;line-height:30px;color:#777777;max-width:750px;margin-left: auto; margin-right: auto;\"><p>With projects that have earned the trust of our customers, we prove that we deliver the highest standards of accuracy and precision.<\/p>\n<\/div>\r\n\t<div class=\"bauer-spacer clearfix\" data-desktop=\"70\" data-mobi=\"40\" data-smobi=\"40\"><\/div><div class=\"bauer-content-box clearfix\" ><div class=\"vc-custom-col-inner-spacing clearfix vc-col-inner-spacing-30\"><div class=\"wpb_row vc_inner vc_row-fluid\"><div class=\"wpb_column vc_column_container vc_col-sm-4\"><div class=\"vc_column-inner\"><div class=\"wpb_wrapper\"><div class=\"bauer-icon-box clearfix icon-top align-center hover-style-1 simple\" style=\"background-color:#f7f9fa;padding:34px 25px 27px;border-radius:5px;border:1px solid #e7e7e7;\" ><div class=\"hover\" style=\"border-radius:5px;\"><\/div><div class=\"wrap-inner\" style=\"position: relative;\"> <div class=\"desc\" style=\"\"><p><img loading=\"lazy\" decoding=\"async\" src=\"https:\/\/bdm.com.tr\/wp-content\/uploads\/2024\/10\/cms_logo-removebg-preview.png\" alt=\"\" width=\"216\" height=\"152\" class=\"aligncenter wp-image-9475\" \/><\/p>\n<\/div> <div class=\"hover\" style=\"border-radius:5px;\"><\/div><\/div><\/div>\r\n\t<div class=\"bauer-spacer clearfix\" data-desktop=\"30\" data-mobi=\"30\" data-smobi=\"30\"><\/div><div class=\"bauer-icon-box clearfix icon-top align-center hover-style-1 simple\" style=\"background-color:#f7f9fa;padding:34px 25px 27px;border-radius:5px;border:1px solid #e7e7e7;\" ><div class=\"hover\" style=\"border-radius:5px;\"><\/div><div class=\"wrap-inner\" style=\"position: relative;\"> <div class=\"desc\" style=\"\"><p><img loading=\"lazy\" decoding=\"async\" src=\"https:\/\/bdm.com.tr\/wp-content\/uploads\/2024\/10\/pngwing.com_-300x300.png\" alt=\"\" width=\"152\" height=\"152\" class=\"aligncenter wp-image-9483\" srcset=\"https:\/\/bdm.com.tr\/wp-content\/uploads\/2024\/10\/pngwing.com_-300x300.png 300w, https:\/\/bdm.com.tr\/wp-content\/uploads\/2024\/10\/pngwing.com_-1024x1024.png 1024w, https:\/\/bdm.com.tr\/wp-content\/uploads\/2024\/10\/pngwing.com_-150x150.png 150w, https:\/\/bdm.com.tr\/wp-content\/uploads\/2024\/10\/pngwing.com_-768x768.png 768w, https:\/\/bdm.com.tr\/wp-content\/uploads\/2024\/10\/pngwing.com_-1536x1536.png 1536w, https:\/\/bdm.com.tr\/wp-content\/uploads\/2024\/10\/pngwing.com_-2048x2048.png 2048w, https:\/\/bdm.com.tr\/wp-content\/uploads\/2024\/10\/pngwing.com_-600x600.png 600w, https:\/\/bdm.com.tr\/wp-content\/uploads\/2024\/10\/pngwing.com_-870x870.png 870w, https:\/\/bdm.com.tr\/wp-content\/uploads\/2024\/10\/pngwing.com_-640x640.png 640w, https:\/\/bdm.com.tr\/wp-content\/uploads\/2024\/10\/pngwing.com_-480x480.png 480w, https:\/\/bdm.com.tr\/wp-content\/uploads\/2024\/10\/pngwing.com_-140x140.png 140w\" sizes=\"auto, (max-width: 152px) 100vw, 152px\" \/><\/p>\n<\/div> <div class=\"hover\" style=\"border-radius:5px;\"><\/div><\/div><\/div>\r\n\t<div class=\"bauer-spacer clearfix\" data-desktop=\"30\" data-mobi=\"30\" data-smobi=\"30\"><\/div><div class=\"bauer-icon-box clearfix icon-top align-center hover-style-1 simple\" style=\"background-color:#f7f9fa;padding:34px 25px 27px;border-radius:5px;border:1px solid #e7e7e7;\" ><div class=\"hover\" style=\"border-radius:5px;\"><\/div><div class=\"wrap-inner\" style=\"position: relative;\"> <div class=\"desc\" style=\"\"><p><img loading=\"lazy\" decoding=\"async\" src=\"https:\/\/bdm.com.tr\/wp-content\/uploads\/2025\/07\/trex-Photoroom-300x158.png\" alt=\"\" width=\"152\" height=\"152\" class=\"alignnone wp-image-9711\" srcset=\"https:\/\/bdm.com.tr\/wp-content\/uploads\/2025\/07\/trex-Photoroom-150x150.png 150w, https:\/\/bdm.com.tr\/wp-content\/uploads\/2025\/07\/trex-Photoroom-600x600.png 600w, https:\/\/bdm.com.tr\/wp-content\/uploads\/2025\/07\/trex-Photoroom-140x140.png 140w\" sizes=\"auto, (max-width: 152px) 100vw, 152px\" \/><\/p>\n<\/div> <div class=\"hover\" style=\"border-radius:5px;\"><\/div><\/div><\/div>\r\n\t<div class=\"bauer-spacer clearfix\" data-desktop=\"30\" data-mobi=\"30\" data-smobi=\"30\"><\/div><\/div><\/div><\/div><div class=\"wpb_column vc_column_container vc_col-sm-4\"><div class=\"vc_column-inner\"><div class=\"wpb_wrapper\"><div class=\"bauer-icon-box clearfix icon-top align-center hover-style-1 simple\" style=\"background-color:#f7f9fa;padding:34px 25px 27px;border-radius:5px;border:1px solid #e7e7e7;\" ><div class=\"hover\" style=\"border-radius:5px;\"><\/div><div class=\"wrap-inner\" style=\"position: relative;\"> <div class=\"desc\" style=\"\"><p><img loading=\"lazy\" decoding=\"async\" src=\"https:\/\/bdm.com.tr\/wp-content\/uploads\/2024\/10\/indir-removebg-preview.png\" alt=\"\" width=\"269\" height=\"152\" class=\"wp-image-9473 aligncenter\" \/><\/p>\n<\/div> <div class=\"hover\" style=\"border-radius:5px;\"><\/div><\/div><\/div>\r\n\t<div class=\"bauer-spacer clearfix\" data-desktop=\"30\" data-mobi=\"30\" data-smobi=\"30\"><\/div><div class=\"bauer-icon-box clearfix icon-top align-center hover-style-1 simple\" style=\"background-color:#f7f9fa;padding:34px 25px 27px;border-radius:5px;border:1px solid #e7e7e7;\" ><div class=\"hover\" style=\"border-radius:5px;\"><\/div><div class=\"wrap-inner\" style=\"position: relative;\"> <div class=\"desc\" style=\"\"><p><img loading=\"lazy\" decoding=\"async\" src=\"https:\/\/bdm.com.tr\/wp-content\/uploads\/2025\/07\/bmc_power-Photoroom.png\" alt=\"\" width=\"152\" height=\"152\" class=\"alignnone wp-image-9705\" \/><\/p>\n<\/div> <div class=\"hover\" style=\"border-radius:5px;\"><\/div><\/div><\/div>\r\n\t<div class=\"bauer-spacer clearfix\" data-desktop=\"30\" data-mobi=\"30\" data-smobi=\"30\"><\/div><div class=\"bauer-icon-box clearfix icon-top align-center hover-style-1 simple\" style=\"background-color:#f7f9fa;padding:34px 25px 27px;border-radius:5px;border:1px solid #e7e7e7;\" ><div class=\"hover\" style=\"border-radius:5px;\"><\/div><div class=\"wrap-inner\" style=\"position: relative;\"> <div class=\"desc\" style=\"\"><p><img loading=\"lazy\" decoding=\"async\" src=\"https:\/\/bdm.com.tr\/wp-content\/uploads\/2025\/07\/doktas-alt-300x255.png\" alt=\"\" width=\"183\" height=\"152\" class=\"alignnone size-medium wp-image-9475\" \/><\/p>\n<\/div> <div class=\"hover\" style=\"border-radius:5px;\"><\/div><\/div><\/div>\r\n\t<div class=\"bauer-spacer clearfix\" data-desktop=\"30\" data-mobi=\"30\" data-smobi=\"30\"><\/div><\/div><\/div><\/div><div class=\"wpb_column vc_column_container vc_col-sm-4\"><div class=\"vc_column-inner\"><div class=\"wpb_wrapper\"><div class=\"bauer-icon-box clearfix icon-top align-center hover-style-1 simple\" style=\"background-color:#f7f9fa;padding:34px 25px 27px;border-radius:5px;border:1px solid #e7e7e7;\" ><div class=\"hover\" style=\"border-radius:5px;\"><\/div><div class=\"wrap-inner\" style=\"position: relative;\"> <div class=\"desc\" style=\"\"><p><img loading=\"lazy\" decoding=\"async\" src=\"https:\/\/bdm.com.tr\/wp-content\/uploads\/2024\/10\/cevher-jant-logo-removebg-preview.png\" alt=\"\" width=\"270\" height=\"152\" class=\"wp-image-9481 aligncenter\" \/><\/p>\n<\/div> <div class=\"hover\" style=\"border-radius:5px;\"><\/div><\/div><\/div>\r\n\t<div class=\"bauer-spacer clearfix\" data-desktop=\"30\" data-mobi=\"30\" data-smobi=\"30\"><\/div><div class=\"bauer-icon-box clearfix icon-top align-center hover-style-1 simple\" style=\"background-color:#f7f9fa;padding:34px 25px 27px;border-radius:5px;border:1px solid #e7e7e7;\" ><div class=\"hover\" style=\"border-radius:5px;\"><\/div><div class=\"wrap-inner\" style=\"position: relative;\"> <div class=\"desc\" style=\"\"><p><img loading=\"lazy\" decoding=\"async\" src=\"https:\/\/bdm.com.tr\/wp-content\/uploads\/2025\/07\/bmc-logo-png_seeklogo-255705-300x300.png\" alt=\"\" width=\"152\" height=\"152\" class=\"aligncenter wp-image-9705\" \/><\/p>\n<\/div> <div class=\"hover\" style=\"border-radius:5px;\"><\/div><\/div><\/div>\r\n\t<div class=\"bauer-spacer clearfix\" data-desktop=\"30\" data-mobi=\"30\" data-smobi=\"30\"><\/div><div class=\"bauer-icon-box clearfix icon-top align-center hover-style-1 simple\" style=\"background-color:#f7f9fa;padding:34px 25px 27px;border-radius:5px;border:1px solid #e7e7e7;\" ><div class=\"hover\" style=\"border-radius:5px;\"><\/div><div class=\"wrap-inner\" style=\"position: relative;\"> <div class=\"desc\" style=\"\"><p><img loading=\"lazy\" decoding=\"async\" src=\"https:\/\/bdm.com.tr\/wp-content\/uploads\/2025\/07\/renkler-Photoroom-300x300.png\" alt=\"\" width=\"152\" height=\"152\" class=\"alignnone wp-image-9712\" srcset=\"https:\/\/bdm.com.tr\/wp-content\/uploads\/2025\/07\/renkler-Photoroom-300x300.png 300w, https:\/\/bdm.com.tr\/wp-content\/uploads\/2025\/07\/renkler-Photoroom-150x150.png 150w, https:\/\/bdm.com.tr\/wp-content\/uploads\/2025\/07\/renkler-Photoroom-12x12.png 12w, https:\/\/bdm.com.tr\/wp-content\/uploads\/2025\/07\/renkler-Photoroom-480x480.png 480w, https:\/\/bdm.com.tr\/wp-content\/uploads\/2025\/07\/renkler-Photoroom-140x140.png 140w, https:\/\/bdm.com.tr\/wp-content\/uploads\/2025\/07\/renkler-Photoroom.png 500w\" sizes=\"auto, (max-width: 152px) 100vw, 152px\" \/><\/p>\n<\/div> <div class=\"hover\" style=\"border-radius:5px;\"><\/div><\/div><\/div>\r\n\t<div class=\"bauer-spacer clearfix\" data-desktop=\"30\" data-mobi=\"30\" data-smobi=\"30\"><\/div><\/div><\/div><\/div><\/div><\/div><\/div>\r\n\t<div class=\"bauer-spacer clearfix\" data-desktop=\"200\" data-mobi=\"160\" data-smobi=\"160\"><\/div><\/div><\/div><\/div><\/div><\/div><\/section><\/div>\n<\/div>","protected":false},"excerpt":{"rendered":"Kalite ve G\u00fcvenilirlik Referanslar\u0131m\u0131z \u00d6nde gelen firmalar ve end\u00fcstri liderleriyle \u00e7al\u0131\u015fman\u0131n gururunu ta\u015f\u0131yoruz. M\u00fc\u015fterilerimizin g\u00fcvenini kazanm\u0131\u015f projelerimizle, en y\u00fcksek standartlarda do\u011fruluk ve hassasiyet sa\u011flad\u0131\u011f\u0131m\u0131z\u0131 kan\u0131tl\u0131yoruz.","protected":false},"author":3,"featured_media":0,"parent":0,"menu_order":0,"comment_status":"closed","ping_status":"closed","template":"","meta":{"footnotes":""},"class_list":["post-1326","page","type-page","status-publish","hentry"],"_links":{"self":[{"href":"https:\/\/bdm.com.tr\/en\/wp-json\/wp\/v2\/pages\/1326","targetHints":{"allow":["GET"]}}],"collection":[{"href":"https:\/\/bdm.com.tr\/en\/wp-json\/wp\/v2\/pages"}],"about":[{"href":"https:\/\/bdm.com.tr\/en\/wp-json\/wp\/v2\/types\/page"}],"author":[{"embeddable":true,"href":"https:\/\/bdm.com.tr\/en\/wp-json\/wp\/v2\/users\/3"}],"replies":[{"embeddable":true,"href":"https:\/\/bdm.com.tr\/en\/wp-json\/wp\/v2\/comments?post=1326"}],"version-history":[{"count":16,"href":"https:\/\/bdm.com.tr\/en\/wp-json\/wp\/v2\/pages\/1326\/revisions"}],"predecessor-version":[{"id":9719,"href":"https:\/\/bdm.com.tr\/en\/wp-json\/wp\/v2\/pages\/1326\/revisions\/9719"}],"wp:attachment":[{"href":"https:\/\/bdm.com.tr\/en\/wp-json\/wp\/v2\/media?parent=1326"}],"curies":[{"name":"wp","href":"https:\/\/api.w.org\/{rel}","templated":true}]}}