{"id":8188,"date":"2019-05-15T07:42:38","date_gmt":"2019-05-15T07:42:38","guid":{"rendered":"http:\/\/ninzio.com\/bauer\/?page_id=8188"},"modified":"2025-08-28T10:25:18","modified_gmt":"2025-08-28T07:25:18","slug":"hakkimizda","status":"publish","type":"page","link":"https:\/\/bdm.com.tr\/en\/hakkimizda\/","title":{"rendered":"About Us"},"content":{"rendered":"<div class=\"wpb-content-wrapper\"><div class=\"vc-custom-col-spacing clearfix vc-col-spacing-30\"><section class=\"wpb_row vc_row-fluid vc_custom_1557802417323 vc_row-has-fill row-content-position-Default\"><div class=\"bauer-container\"><div class=\"row-inner clearfix\"><div class=\"wpb_column vc_column_container vc_col-sm-12\"><div class=\"vc_column-inner\"><div class=\"wpb_wrapper\">\r\n\t<div class=\"bauer-spacer clearfix\" data-desktop=\"100\" data-mobi=\"60\" data-smobi=\"60\"><\/div><div class=\"bauer-content-box clearfix\" ><div class=\"vc-custom-col-inner-spacing clearfix vc-col-inner-spacing-30\"><div class=\"wpb_row vc_inner vc_row-fluid\"><div class=\"wpb_column vc_column_container vc_col-sm-6\"><div class=\"vc_column-inner\"><div class=\"wpb_wrapper\">\r\n\t<div class=\"bauer-spacer clearfix\" data-desktop=\"45\" data-mobi=\"0\" data-smobi=\"0\"><\/div><div class=\"bauer-single-heading clearfix\" style=\"margin-bottom:25px;\"><span class=\"inner\"><span class=\"heading clearfix\" style=\"font-weight:600;color:#cacaca;font-size:16px;\">\r\n\t\tInnovative Solutions, Uninterrupted Quality.\r\n\t<\/span><\/span><\/div><h2 class=\"bauer-text clearfix\" style=\"font-size:42px;line-height:50px;margin-bottom:32px;\"><p>Firmam\u0131z BDM ad\u0131 alt\u0131nda 1994 y\u0131l\u0131nda \u0130zmir\u2019de kurulmu\u015f bir limited \u015firkettir.<\/p>\n<\/h2><div class=\"bauer-text clearfix\" style=\"\"><p>Uzmanl\u0131k konusu olan al\u00fcminyum y\u00fcksek bas\u0131n\u00e7 ve kokil kal\u0131p dizayn ve imalat\u0131 \u00fczerine faaliyet g\u00f6stermektedir.Ayr\u0131ca montaj fikst\u00fcrleri, kaynak ve kontrol\u00a0aparatlar\u0131n\u0131n manuel , hidrolik , pn\u00f6matik ve PLC kontroll\u00fc olmak \u00fczere dizayn ve imalatlar\u0131 yap\u0131lmaktad\u0131r.<\/p>\n<p>\u00c7al\u0131\u015fanlar\u0131m\u0131z\u0131n kat\u0131l\u0131m\u0131 ile t\u00fcm \u00fcr\u00fcnlerimizi kalite standartlar\u0131na uygun olarak, maliyeti d\u00fc\u015f\u00fck, istenilen teslim s\u00fcresinde \u00fcreterek, m\u00fc\u015fterilerimizi memnun etmek \u015firketimizin politikas\u0131d\u0131r.<\/p>\n<p>Bu do\u011frultuda firmam\u0131z s\u00fcrekli geli\u015fme anlay\u0131\u015f\u0131n\u0131 esas alm\u0131\u015ft\u0131r.<\/p>\n<p><strong data-start=\"836\" data-end=\"962\">Teknolojiyi, m\u00fchendislik g\u00fcc\u00fcm\u00fczle birle\u015ftiriyor; her projede g\u00fcvenilir, s\u00fcrd\u00fcr\u00fclebilir ve uzun \u00f6m\u00fcrl\u00fc \u00e7\u00f6z\u00fcmler sunuyoruz.<\/strong><br data-start=\"962\" data-end=\"965\" \/><strong data-start=\"965\" data-end=\"1050\">30 y\u0131l\u0131 a\u015fk\u0131n tecr\u00fcbemizle, sadece \u00fcr\u00fcn de\u011fil; \u00e7\u00f6z\u00fcm orta\u011f\u0131 olmay\u0131 vaat ediyoruz.<\/strong><\/p>\n<\/div>\r\n\t<div class=\"bauer-spacer clearfix\" data-desktop=\"42\" data-mobi=\"30\" data-smobi=\"30\"><\/div><\/div><\/div><\/div><div class=\"wpb_column vc_column_container vc_col-sm-6\"><div class=\"vc_column-inner\"><div class=\"wpb_wrapper\"><div class=\"bauer-images-carousel  arrow-center\" data-auto=\"false\" data-loop=\"false\" data-gap=\"0\" data-column=\"1\" data-column2=\"1\" data-column3=\"1\">\r\n        <div class=\"owl-carousel owl-theme\"><div class=\"item-wrap\"><img decoding=\"async\" src=\"https:\/\/bdm.com.tr\/wp-content\/uploads\/2024\/10\/AT.jpg\" alt=\"Image\"><\/div><\/div><\/div>\r\n\t<div class=\"bauer-spacer clearfix\" data-desktop=\"42\" data-mobi=\"45\" data-smobi=\"45\"><\/div><div class=\"bauer-images-carousel  arrow-center\" data-auto=\"false\" data-loop=\"false\" data-gap=\"0\" data-column=\"1\" data-column2=\"1\" data-column3=\"1\">\r\n        <div class=\"owl-carousel owl-theme\"><div class=\"item-wrap\"><img decoding=\"async\" src=\"https:\/\/bdm.com.tr\/wp-content\/uploads\/2024\/10\/EDM.jpg\" alt=\"Image\"><\/div><div class=\"item-wrap\"><img decoding=\"async\" src=\"https:\/\/bdm.com.tr\/wp-content\/uploads\/2024\/10\/IMG_0346.JPG-2015-3-16-23-23-2.jpg\" alt=\"Image\"><\/div><\/div><\/div>\r\n\t<div class=\"bauer-spacer clearfix\" data-desktop=\"42\" data-mobi=\"45\" data-smobi=\"45\"><\/div><\/div><\/div><\/div><\/div><\/div><\/div>\r\n\t<div class=\"bauer-spacer clearfix\" data-desktop=\"100\" data-mobi=\"0\" data-smobi=\"0\"><\/div><\/div><\/div><\/div><\/div><\/div><\/section><\/div>\n<\/div>","protected":false},"excerpt":{"rendered":"Yenilik\u00e7i \u00c7\u00f6z\u00fcmler, Kesintisiz Kalite. Firmam\u0131z BDM ad\u0131 alt\u0131nda 1994 y\u0131l\u0131nda \u0130zmir\u2019de kurulmu\u015f bir limited \u015firkettir. Uzmanl\u0131k konusu olan al\u00fcminyum y\u00fcksek bas\u0131n\u00e7 ve kokil kal\u0131p dizayn ve imalat\u0131 \u00fczerine faaliyet g\u00f6stermektedir.Ayr\u0131ca montaj fikst\u00fcrleri, kaynak ve kontrol\u00a0aparatlar\u0131n\u0131n manuel , hidrolik , pn\u00f6matik ve PLC kontroll\u00fc olmak \u00fczere dizayn ve imalatlar\u0131 yap\u0131lmaktad\u0131r. \u00c7al\u0131\u015fanlar\u0131m\u0131z\u0131n","protected":false},"author":3,"featured_media":0,"parent":0,"menu_order":0,"comment_status":"closed","ping_status":"closed","template":"","meta":{"footnotes":""},"class_list":["post-8188","page","type-page","status-publish","hentry"],"_links":{"self":[{"href":"https:\/\/bdm.com.tr\/en\/wp-json\/wp\/v2\/pages\/8188","targetHints":{"allow":["GET"]}}],"collection":[{"href":"https:\/\/bdm.com.tr\/en\/wp-json\/wp\/v2\/pages"}],"about":[{"href":"https:\/\/bdm.com.tr\/en\/wp-json\/wp\/v2\/types\/page"}],"author":[{"embeddable":true,"href":"https:\/\/bdm.com.tr\/en\/wp-json\/wp\/v2\/users\/3"}],"replies":[{"embeddable":true,"href":"https:\/\/bdm.com.tr\/en\/wp-json\/wp\/v2\/comments?post=8188"}],"version-history":[{"count":10,"href":"https:\/\/bdm.com.tr\/en\/wp-json\/wp\/v2\/pages\/8188\/revisions"}],"predecessor-version":[{"id":10428,"href":"https:\/\/bdm.com.tr\/en\/wp-json\/wp\/v2\/pages\/8188\/revisions\/10428"}],"wp:attachment":[{"href":"https:\/\/bdm.com.tr\/en\/wp-json\/wp\/v2\/media?parent=8188"}],"curies":[{"name":"wp","href":"https:\/\/api.w.org\/{rel}","templated":true}]}}