{"id":9377,"date":"2024-09-23T23:41:00","date_gmt":"2024-09-23T20:41:00","guid":{"rendered":"http:\/\/172.16.129.187\/x\/wordpress\/?page_id=9377"},"modified":"2025-07-29T17:18:34","modified_gmt":"2025-07-29T14:18:34","slug":"kalip-imalati","status":"publish","type":"page","link":"https:\/\/bdm.com.tr\/en\/kalip-imalati\/","title":{"rendered":"Mold Manufacturing"},"content":{"rendered":"<div class=\"wpb-content-wrapper\"><div class=\"vc-custom-col-spacing clearfix vc-col-spacing-30\"><section class=\"wpb_row vc_row-fluid row-content-position-Default\"><div class=\"bauer-container\"><div class=\"row-inner clearfix\"><div class=\"wpb_column vc_column_container vc_col-sm-6\"><div class=\"vc_column-inner\"><div class=\"wpb_wrapper\"><div class=\"bauer-text clearfix\" style=\"font-size:18px;line-height:30px;color:#000000;\"><p>Kalite ve hassasiyetten \u00f6d\u00fcn vermeksizin, zaman\u0131 en iyi \u015fekilde kullanarak, kal\u0131p \u00fcretmek, \u00f6nem verdi\u011fimiz hususlard\u0131r.<\/p>\n<p>Bu ama\u00e7la teknolojiyi yak\u0131ndan takip ederek gerek i\u015fleme tak\u0131m ve aparatlar\u0131nda, gerekse imalat y\u00f6ntemlerinde en iyisini kullanmaya \u00f6zen g\u00f6stermekteyiz.Ayr\u0131ca personel e\u011fitimlerinin devam\u0131n\u0131 sa\u011flamaktay\u0131z.<\/p>\n<\/div>\r\n\t<div class=\"bauer-spacer clearfix\" data-desktop=\"50\" data-mobi=\"50\" data-smobi=\"50\"><\/div><div class=\"bauer-single-heading clearfix  has-line\" style=\"\"><span class=\"inner\"><span class=\"line accent\" style=\"width:40px;height:2px;\"><\/span><span class=\"heading clearfix\" style=\"\">\r\n\t\tKokil Kal\u0131plar\u0131\r\n\t<\/span><\/span><\/div>\r\n\t<div class=\"bauer-spacer clearfix\" data-desktop=\"15\" data-mobi=\"15\" data-smobi=\"15\"><\/div><div class=\"bauer-single-heading clearfix  has-line\" style=\"\"><span class=\"inner\"><span class=\"line accent\" style=\"width:40px;height:2px;\"><\/span><span class=\"heading clearfix\" style=\"\">\r\n\t\tEnjeksiyon Kal\u0131plar\u0131 HPDC &amp; LPDC\r\n\t<\/span><\/span><\/div>\r\n\t<div class=\"bauer-spacer clearfix\" data-desktop=\"15\" data-mobi=\"15\" data-smobi=\"15\"><\/div><div class=\"bauer-single-heading clearfix  has-line\" style=\"\"><span class=\"inner\"><span class=\"line accent\" style=\"width:40px;height:2px;\"><\/span><span class=\"heading clearfix\" style=\"\">\r\n\t\tTrim Kal\u0131plar\u0131\r\n\t<\/span><\/span><\/div>\r\n\t<div class=\"bauer-spacer clearfix\" data-desktop=\"15\" data-mobi=\"15\" data-smobi=\"15\"><\/div><div class=\"bauer-single-heading clearfix  has-line\" style=\"\"><span class=\"inner\"><span class=\"line accent\" style=\"width:40px;height:2px;\"><\/span><span class=\"heading clearfix\" style=\"\">\r\n\t\tSac B\u00fck\u00fcm Kal\u0131plar\u0131\r\n\t<\/span><\/span><\/div><\/div><\/div><\/div><div class=\"wpb_column vc_column_container vc_col-sm-6\"><div class=\"vc_column-inner\"><div class=\"wpb_wrapper\"><div class=\"bauer-images-carousel  arrow-center has-arrows\" data-auto=\"true\" data-loop=\"true\" data-gap=\"10\" data-column=\"2\" data-column2=\"1\" data-column3=\"1\">\r\n        <div class=\"owl-carousel owl-theme\"><div class=\"item-wrap\"><img decoding=\"async\" src=\"https:\/\/bdm.com.tr\/wp-content\/uploads\/2025\/07\/ki-19-600x600.jpg\" alt=\"Image\"><\/div><div class=\"item-wrap\"><img decoding=\"async\" src=\"https:\/\/bdm.com.tr\/wp-content\/uploads\/2025\/07\/ki-25-600x600.jpg\" alt=\"Image\"><\/div><div class=\"item-wrap\"><img decoding=\"async\" src=\"https:\/\/bdm.com.tr\/wp-content\/uploads\/2025\/07\/ki-15-600x600.jpeg\" alt=\"Image\"><\/div><div class=\"item-wrap\"><img decoding=\"async\" src=\"https:\/\/bdm.com.tr\/wp-content\/uploads\/2025\/07\/ki-8-600x600.jpeg\" alt=\"Image\"><\/div><div class=\"item-wrap\"><img decoding=\"async\" src=\"https:\/\/bdm.com.tr\/wp-content\/uploads\/2024\/10\/IMG_7406-600x600.jpg\" alt=\"Image\"><\/div><div class=\"item-wrap\"><img decoding=\"async\" src=\"https:\/\/bdm.com.tr\/wp-content\/uploads\/2025\/07\/ki-26-600x600.jpg\" alt=\"Image\"><\/div><div class=\"item-wrap\"><img decoding=\"async\" src=\"https:\/\/bdm.com.tr\/wp-content\/uploads\/2024\/10\/IMG_2682-600x600.jpg\" alt=\"Image\"><\/div><div class=\"item-wrap\"><img decoding=\"async\" src=\"https:\/\/bdm.com.tr\/wp-content\/uploads\/2024\/10\/IMG_0354-600x600.jpg\" alt=\"Image\"><\/div><div class=\"item-wrap\"><img decoding=\"async\" src=\"https:\/\/bdm.com.tr\/wp-content\/uploads\/2025\/07\/ki-27-600x600.jpg\" alt=\"Image\"><\/div><div class=\"item-wrap\"><img decoding=\"async\" src=\"https:\/\/bdm.com.tr\/wp-content\/uploads\/2025\/07\/ki-14-600x600.jpeg\" alt=\"Image\"><\/div><div class=\"item-wrap\"><img decoding=\"async\" src=\"https:\/\/bdm.com.tr\/wp-content\/uploads\/2025\/07\/ki-2-scaled-e1753704230760-600x600.jpg\" alt=\"Image\"><\/div><div class=\"item-wrap\"><img decoding=\"async\" src=\"https:\/\/bdm.com.tr\/wp-content\/uploads\/2025\/07\/ki-2-600x600.jpeg\" alt=\"Image\"><\/div><\/div><\/div><\/div><\/div><\/div><div class=\"wpb_column vc_column_container vc_col-sm-12\"><div class=\"vc_column-inner\"><div class=\"wpb_wrapper\"><\/div><\/div><\/div><div class=\"wpb_column vc_column_container vc_col-sm-12\"><div class=\"vc_column-inner\"><div class=\"wpb_wrapper\"><\/div><\/div><\/div><\/div><\/div><\/section><\/div>\n<\/div>","protected":false},"excerpt":{"rendered":"Kalite ve hassasiyetten \u00f6d\u00fcn vermeksizin, zaman\u0131 en iyi \u015fekilde kullanarak, kal\u0131p \u00fcretmek, \u00f6nem verdi\u011fimiz hususlard\u0131r. Bu ama\u00e7la teknolojiyi yak\u0131ndan takip ederek gerek i\u015fleme tak\u0131m ve aparatlar\u0131nda, gerekse imalat y\u00f6ntemlerinde en iyisini kullanmaya \u00f6zen g\u00f6stermekteyiz.Ayr\u0131ca personel e\u011fitimlerinin devam\u0131n\u0131 sa\u011flamaktay\u0131z. Kokil Kal\u0131plar\u0131 Enjeksiyon Kal\u0131plar\u0131 HPDC &amp; LPDC Trim Kal\u0131plar\u0131 Sac B\u00fck\u00fcm Kal\u0131plar\u0131","protected":false},"author":3,"featured_media":0,"parent":0,"menu_order":0,"comment_status":"closed","ping_status":"closed","template":"","meta":{"footnotes":""},"class_list":["post-9377","page","type-page","status-publish","hentry"],"_links":{"self":[{"href":"https:\/\/bdm.com.tr\/en\/wp-json\/wp\/v2\/pages\/9377","targetHints":{"allow":["GET"]}}],"collection":[{"href":"https:\/\/bdm.com.tr\/en\/wp-json\/wp\/v2\/pages"}],"about":[{"href":"https:\/\/bdm.com.tr\/en\/wp-json\/wp\/v2\/types\/page"}],"author":[{"embeddable":true,"href":"https:\/\/bdm.com.tr\/en\/wp-json\/wp\/v2\/users\/3"}],"replies":[{"embeddable":true,"href":"https:\/\/bdm.com.tr\/en\/wp-json\/wp\/v2\/comments?post=9377"}],"version-history":[{"count":11,"href":"https:\/\/bdm.com.tr\/en\/wp-json\/wp\/v2\/pages\/9377\/revisions"}],"predecessor-version":[{"id":10409,"href":"https:\/\/bdm.com.tr\/en\/wp-json\/wp\/v2\/pages\/9377\/revisions\/10409"}],"wp:attachment":[{"href":"https:\/\/bdm.com.tr\/en\/wp-json\/wp\/v2\/media?parent=9377"}],"curies":[{"name":"wp","href":"https:\/\/api.w.org\/{rel}","templated":true}]}}