{"id":9380,"date":"2024-09-23T23:42:34","date_gmt":"2024-09-23T20:42:34","guid":{"rendered":"http:\/\/172.16.129.187\/x\/wordpress\/?page_id=9380"},"modified":"2024-11-27T13:53:10","modified_gmt":"2024-11-27T10:53:10","slug":"fikstur-imalati","status":"publish","type":"page","link":"https:\/\/bdm.com.tr\/en\/fikstur-imalati\/","title":{"rendered":"Fixture Manufacturing"},"content":{"rendered":"<div class=\"wpb-content-wrapper\"><div class=\"vc-custom-col-spacing clearfix vc-col-spacing-30\"><section class=\"wpb_row vc_row-fluid row-content-position-Default\"><div class=\"bauer-container\"><div class=\"row-inner clearfix\"><div class=\"wpb_column vc_column_container vc_col-sm-8\"><div class=\"vc_column-inner\"><div class=\"wpb_wrapper\"><div class=\"bauer-text clearfix\" style=\"font-size:18px;line-height:30px;color:#000000;\"><p><span>Firmam\u0131z a\u011f\u0131rl\u0131kl\u0131k olarak otomotiv sekt\u00f6r\u00fcne y\u00f6nelik, kontrol aparatlar\u0131, montaj fikst\u00fcrleri , kaynak aparatlar\u0131n\u0131n ve \u00f6zel makinelerin ; manuel, hidrolik, pn\u00f6matik ve plc kontroll\u00fc olmak \u00fczere tasar\u0131m ve \u00fcretim hizmetlerini\u00a0 vermektedir.<\/span><\/p>\n<\/div><\/div><\/div><\/div><div class=\"wpb_column vc_column_container vc_col-sm-4\"><div class=\"vc_column-inner\"><div class=\"wpb_wrapper\"><div class=\"bauer-images-carousel  arrow-center has-arrows\" data-auto=\"true\" data-loop=\"true\" data-gap=\"30\" data-column=\"1\" data-column2=\"1\" data-column3=\"1\">\r\n        <div class=\"owl-carousel owl-theme\"><div class=\"item-wrap\"><img decoding=\"async\" src=\"https:\/\/bdm.com.tr\/wp-content\/uploads\/2024\/10\/JIG.jpg\" alt=\"Image\"><\/div><div class=\"item-wrap\"><img decoding=\"async\" src=\"https:\/\/bdm.com.tr\/wp-content\/uploads\/2024\/10\/fixture-design.jpg\" alt=\"Image\"><\/div><div class=\"item-wrap\"><img decoding=\"async\" src=\"https:\/\/bdm.com.tr\/wp-content\/uploads\/2024\/10\/montaj-1.jpg\" alt=\"Image\"><\/div><div class=\"item-wrap\"><img decoding=\"async\" src=\"https:\/\/bdm.com.tr\/wp-content\/uploads\/2024\/10\/montajE-1.jpg\" alt=\"Image\"><\/div><\/div><\/div><\/div><\/div><\/div><\/div><\/div><\/section><\/div>\n<\/div>","protected":false},"excerpt":{"rendered":"Firmam\u0131z a\u011f\u0131rl\u0131kl\u0131k olarak otomotiv sekt\u00f6r\u00fcne y\u00f6nelik, kontrol aparatlar\u0131, montaj fikst\u00fcrleri , kaynak aparatlar\u0131n\u0131n ve \u00f6zel makinelerin ; manuel, hidrolik, pn\u00f6matik ve plc kontroll\u00fc olmak \u00fczere tasar\u0131m ve \u00fcretim hizmetlerini\u00a0 vermektedir.","protected":false},"author":3,"featured_media":0,"parent":0,"menu_order":0,"comment_status":"closed","ping_status":"closed","template":"","meta":{"footnotes":""},"class_list":["post-9380","page","type-page","status-publish","hentry"],"_links":{"self":[{"href":"https:\/\/bdm.com.tr\/en\/wp-json\/wp\/v2\/pages\/9380","targetHints":{"allow":["GET"]}}],"collection":[{"href":"https:\/\/bdm.com.tr\/en\/wp-json\/wp\/v2\/pages"}],"about":[{"href":"https:\/\/bdm.com.tr\/en\/wp-json\/wp\/v2\/types\/page"}],"author":[{"embeddable":true,"href":"https:\/\/bdm.com.tr\/en\/wp-json\/wp\/v2\/users\/3"}],"replies":[{"embeddable":true,"href":"https:\/\/bdm.com.tr\/en\/wp-json\/wp\/v2\/comments?post=9380"}],"version-history":[{"count":5,"href":"https:\/\/bdm.com.tr\/en\/wp-json\/wp\/v2\/pages\/9380\/revisions"}],"predecessor-version":[{"id":9655,"href":"https:\/\/bdm.com.tr\/en\/wp-json\/wp\/v2\/pages\/9380\/revisions\/9655"}],"wp:attachment":[{"href":"https:\/\/bdm.com.tr\/en\/wp-json\/wp\/v2\/media?parent=9380"}],"curies":[{"name":"wp","href":"https:\/\/api.w.org\/{rel}","templated":true}]}}