{"id":9382,"date":"2024-09-23T23:43:00","date_gmt":"2024-09-23T20:43:00","guid":{"rendered":"http:\/\/172.16.129.187\/x\/wordpress\/?page_id=9382"},"modified":"2024-11-27T13:58:51","modified_gmt":"2024-11-27T10:58:51","slug":"makine-imalati","status":"publish","type":"page","link":"https:\/\/bdm.com.tr\/en\/makine-imalati\/","title":{"rendered":"Machine Manufacturing"},"content":{"rendered":"<div class=\"wpb-content-wrapper\"><div class=\"vc-custom-col-spacing clearfix vc-col-spacing-30\"><section class=\"wpb_row vc_row-fluid row-content-position-Default\"><div class=\"bauer-container\"><div class=\"row-inner clearfix\"><div class=\"wpb_column vc_column_container vc_col-sm-8\"><div class=\"vc_column-inner\"><div class=\"wpb_wrapper\"><div class=\"bauer-text clearfix text-center\" style=\"font-size:18px;line-height:30px;color:#000000;\"><p>Machine manufacturing is a broad field that encompasses the production process of machines that are considered the heart of the industry and are specifically designed for the needs of various sectors. Our company offers machine manufacturing services with high precision and quality standards in order to optimize our customers' production processes and increase their efficiency. We produce solutions that are suitable for the needs of your business by using innovative technologies and our expert staff in all processes from the design stage to prototype production, from the test and assembly stages to the final delivery.<\/p>\n<p>The machines we produce are designed and manufactured to meet the needs of many different sectors such as the automotive and defense industries. Our aim is to provide competitive and long-lasting machines in both domestic and international markets and to provide cost advantage in your business's production processes. With our high efficiency, durability and performance-oriented machine manufacturing approach, we increase our customers' production capacities and raise quality and reliability standards to the next level.<\/p>\n<\/div><\/div><\/div><\/div><div class=\"wpb_column vc_column_container vc_col-sm-4\"><div class=\"vc_column-inner\"><div class=\"wpb_wrapper\"><div class=\"bauer-images-carousel  arrow-center has-arrows\" data-auto=\"true\" data-loop=\"true\" data-gap=\"30\" data-column=\"1\" data-column2=\"1\" data-column3=\"1\">\r\n        <div class=\"owl-carousel owl-theme\"><div class=\"item-wrap\"><img decoding=\"async\" src=\"https:\/\/bdm.com.tr\/wp-content\/uploads\/2024\/10\/IMAG003.jpg\" alt=\"Image\"><\/div><div class=\"item-wrap\"><img decoding=\"async\" src=\"https:\/\/bdm.com.tr\/wp-content\/uploads\/2024\/10\/IMAG009.jpg\" alt=\"Image\"><\/div><div class=\"item-wrap\"><img decoding=\"async\" src=\"https:\/\/bdm.com.tr\/wp-content\/uploads\/2024\/10\/IMAG014.jpg\" alt=\"Image\"><\/div><div class=\"item-wrap\"><img decoding=\"async\" src=\"https:\/\/bdm.com.tr\/wp-content\/uploads\/2024\/10\/IMG_0354.jpg\" alt=\"Image\"><\/div><\/div><\/div><\/div><\/div><\/div><\/div><\/div><\/section><\/div>\n<\/div>","protected":false},"excerpt":{"rendered":"Makine imalat\u0131, end\u00fcstrinin kalbi olarak kabul edilen ve \u00e7e\u015fitli sekt\u00f6rlerin ihtiya\u00e7lar\u0131na \u00f6zel olarak tasarlanan makinelerin \u00fcretim s\u00fcrecini kapsayan geni\u015f bir aland\u0131r. Firmam\u0131z, m\u00fc\u015fterilerimizin \u00fcretim s\u00fcre\u00e7lerini optimize etmek ve verimliliklerini art\u0131rmak amac\u0131yla y\u00fcksek hassasiyet ve kalite standartlar\u0131nda makine imalat\u0131 hizmeti sunmaktad\u0131r. Tasar\u0131m a\u015famas\u0131ndan prototip \u00fcretimine, test ve montaj a\u015famalar\u0131ndan son teslimata","protected":false},"author":3,"featured_media":0,"parent":0,"menu_order":0,"comment_status":"closed","ping_status":"closed","template":"","meta":{"footnotes":""},"class_list":["post-9382","page","type-page","status-publish","hentry"],"_links":{"self":[{"href":"https:\/\/bdm.com.tr\/en\/wp-json\/wp\/v2\/pages\/9382","targetHints":{"allow":["GET"]}}],"collection":[{"href":"https:\/\/bdm.com.tr\/en\/wp-json\/wp\/v2\/pages"}],"about":[{"href":"https:\/\/bdm.com.tr\/en\/wp-json\/wp\/v2\/types\/page"}],"author":[{"embeddable":true,"href":"https:\/\/bdm.com.tr\/en\/wp-json\/wp\/v2\/users\/3"}],"replies":[{"embeddable":true,"href":"https:\/\/bdm.com.tr\/en\/wp-json\/wp\/v2\/comments?post=9382"}],"version-history":[{"count":5,"href":"https:\/\/bdm.com.tr\/en\/wp-json\/wp\/v2\/pages\/9382\/revisions"}],"predecessor-version":[{"id":9661,"href":"https:\/\/bdm.com.tr\/en\/wp-json\/wp\/v2\/pages\/9382\/revisions\/9661"}],"wp:attachment":[{"href":"https:\/\/bdm.com.tr\/en\/wp-json\/wp\/v2\/media?parent=9382"}],"curies":[{"name":"wp","href":"https:\/\/api.w.org\/{rel}","templated":true}]}}