{"id":9384,"date":"2024-09-23T23:43:22","date_gmt":"2024-09-23T20:43:22","guid":{"rendered":"http:\/\/172.16.129.187\/x\/wordpress\/?page_id=9384"},"modified":"2024-11-27T13:56:30","modified_gmt":"2024-11-27T10:56:30","slug":"prototip-dokum","status":"publish","type":"page","link":"https:\/\/bdm.com.tr\/en\/prototip-dokum\/","title":{"rendered":"Prototype Casting"},"content":{"rendered":"<div class=\"wpb-content-wrapper\"><div class=\"vc-custom-col-spacing clearfix vc-col-spacing-30\"><section class=\"wpb_row vc_row-fluid row-content-position-Default\"><div class=\"bauer-container\"><div class=\"row-inner clearfix\"><div class=\"wpb_column vc_column_container vc_col-sm-8\"><div class=\"vc_column-inner\"><div class=\"wpb_wrapper\"><div class=\"bauer-text clearfix text-center\" style=\"font-size:18px;line-height:30px;color:#000000;\"><p>Prototype casting is an innovative service offered by our company in the mold production process. This method allows the parts specially designed for our customers' demands to be tested quickly and at low cost before mass production. With prototype casting, the structural integrity, functionality and design errors of the products are determined in advance and a smooth transition to the mass production phase is made. Thus, our customers experience the advantage of having high quality and functional products.<br \/>\nOur company aims for maximum accuracy in the design process by using the most advanced casting and modeling technologies in each prototype production. In order to meet customer expectations, we offer prototypes in different forms and sizes with our precise production processes and expert team (aluminum, steel, plastic, etc.). In this way, we accelerate our customers' product development processes and add value to their projects.<\/p>\n<\/div><\/div><\/div><\/div><div class=\"wpb_column vc_column_container vc_col-sm-4\"><div class=\"vc_column-inner\"><div class=\"wpb_wrapper\"><div class=\"bauer-images-carousel  arrow-center has-arrows\" data-auto=\"true\" data-loop=\"true\" data-gap=\"0\" data-column=\"1\" data-column2=\"1\" data-column3=\"1\">\r\n        <div class=\"owl-carousel owl-theme\"><div class=\"item-wrap\"><img decoding=\"async\" src=\"https:\/\/bdm.com.tr\/wp-content\/uploads\/2024\/10\/gokhan-2630.jpg\" alt=\"Image\"><\/div><div class=\"item-wrap\"><img decoding=\"async\" src=\"https:\/\/bdm.com.tr\/wp-content\/uploads\/2024\/10\/gokhan-2626.jpg\" alt=\"Image\"><\/div><div class=\"item-wrap\"><img decoding=\"async\" src=\"https:\/\/bdm.com.tr\/wp-content\/uploads\/2024\/10\/gokhan-2608.jpg\" alt=\"Image\"><\/div><div class=\"item-wrap\"><img decoding=\"async\" src=\"https:\/\/bdm.com.tr\/wp-content\/uploads\/2024\/10\/gokhan-2604.jpg\" alt=\"Image\"><\/div><\/div><\/div><\/div><\/div><\/div><\/div><\/div><\/section><\/div>\n<\/div>","protected":false},"excerpt":{"rendered":"Prototip d\u00f6k\u00fcm, firmam\u0131z\u0131n kal\u0131p \u00fcretim s\u00fcrecinde sundu\u011fu yenilik\u00e7i bir hizmettir. Bu y\u00f6ntem, m\u00fc\u015fterilerimizin taleplerine \u00f6zel olarak tasarlanan par\u00e7alar\u0131n seri \u00fcretim \u00f6ncesinde h\u0131zl\u0131 ve d\u00fc\u015f\u00fck maliyetle test edilmesine olanak sa\u011flar. Prototip d\u00f6k\u00fcm ile \u00fcr\u00fcnlerin yap\u0131sal b\u00fct\u00fcnl\u00fc\u011f\u00fc, i\u015flevselli\u011fi ve tasar\u0131m hatalar\u0131 \u00f6nceden belirlenir ve seri \u00fcretim a\u015famas\u0131na sorunsuz ge\u00e7i\u015f yap\u0131l\u0131r. B\u00f6ylece m\u00fc\u015fterilerimiz,","protected":false},"author":3,"featured_media":0,"parent":0,"menu_order":0,"comment_status":"closed","ping_status":"closed","template":"","meta":{"footnotes":""},"class_list":["post-9384","page","type-page","status-publish","hentry"],"_links":{"self":[{"href":"https:\/\/bdm.com.tr\/en\/wp-json\/wp\/v2\/pages\/9384","targetHints":{"allow":["GET"]}}],"collection":[{"href":"https:\/\/bdm.com.tr\/en\/wp-json\/wp\/v2\/pages"}],"about":[{"href":"https:\/\/bdm.com.tr\/en\/wp-json\/wp\/v2\/types\/page"}],"author":[{"embeddable":true,"href":"https:\/\/bdm.com.tr\/en\/wp-json\/wp\/v2\/users\/3"}],"replies":[{"embeddable":true,"href":"https:\/\/bdm.com.tr\/en\/wp-json\/wp\/v2\/comments?post=9384"}],"version-history":[{"count":5,"href":"https:\/\/bdm.com.tr\/en\/wp-json\/wp\/v2\/pages\/9384\/revisions"}],"predecessor-version":[{"id":9659,"href":"https:\/\/bdm.com.tr\/en\/wp-json\/wp\/v2\/pages\/9384\/revisions\/9659"}],"wp:attachment":[{"href":"https:\/\/bdm.com.tr\/en\/wp-json\/wp\/v2\/media?parent=9384"}],"curies":[{"name":"wp","href":"https:\/\/api.w.org\/{rel}","templated":true}]}}