{"id":9394,"date":"2024-09-23T23:45:43","date_gmt":"2024-09-23T20:45:43","guid":{"rendered":"http:\/\/172.16.129.187\/x\/wordpress\/?page_id=9394"},"modified":"2025-08-28T09:43:36","modified_gmt":"2025-08-28T06:43:36","slug":"tasarim","status":"publish","type":"page","link":"https:\/\/bdm.com.tr\/en\/tasarim\/","title":{"rendered":"Design"},"content":{"rendered":"<div class=\"wpb-content-wrapper\"><div class=\"vc-custom-col-spacing clearfix vc-col-spacing-30\"><section class=\"wpb_row vc_row-fluid row-content-position-Default\"><div class=\"bauer-container\"><div class=\"row-inner clearfix\"><div class=\"wpb_column vc_column_container vc_col-sm-6\"><div class=\"vc_column-inner\"><div class=\"wpb_wrapper\"><div class=\"bauer-text clearfix\" style=\"font-size:16px;line-height:30px;color:#000000;\"><p data-start=\"288\" data-end=\"341\"><strong data-start=\"288\" data-end=\"341\">Tasar\u0131m ve Teknolojiyle \u00dcretimde Fark Yarat\u0131yoruz<\/strong><\/p>\n<p data-start=\"343\" data-end=\"625\">Firmam\u0131z, T\u00fcrkiye\u2019deki ilk CAD\/CAM ve CNC kullan\u0131c\u0131lar\u0131ndan olup, bu sistemleri kullanarak uzun y\u0131llard\u0131r kal\u0131p imalat sekt\u00f6r\u00fcne hizmet vermektedir. Son y\u0131llarda montaj fikst\u00fcrleri, \u00f6zel aparat ve tezg\u00e2h imalatlar\u0131n\u0131 da ayn\u0131 hassasiyetle bu sistemler \u00fczerinden ger\u00e7ekle\u015ftirmektedir.<\/p>\n<p data-start=\"627\" data-end=\"874\">Yaz\u0131l\u0131m altyap\u0131m\u0131zda; Euklid, Catia, Unigraphics, Esprit Mold ve AutoCAD gibi sekt\u00f6r\u00fcn \u00f6nc\u00fc programlar\u0131 kullan\u0131lmakta, b\u00f6ylece karma\u015f\u0131k geometriye sahip par\u00e7alar\u0131n modelleme ve \u00fcretim s\u00fcre\u00e7leri hatas\u0131z ve h\u0131zl\u0131 bir \u015fekilde y\u00fcr\u00fct\u00fclmektedir.<\/p>\n<p data-start=\"876\" data-end=\"1093\">Tasar\u0131m s\u00fcre\u00e7lerimizde; \u00fcretilebilirlik analizi, maliyet optimizasyonu ve i\u015flevsellik \u00f6nceliklidir. Her projede m\u00fchendislik bilgisini dijital teknolojilerle birle\u015ftirerek m\u00fc\u015fterilerimize \u00f6zel \u00e7\u00f6z\u00fcmler sunmaktay\u0131z.<\/p>\n<\/div>\r\n\t<div class=\"bauer-spacer clearfix\" data-desktop=\"150\" data-mobi=\"150\" data-smobi=\"150\"><\/div><\/div><\/div><\/div><div class=\"wpb_column vc_column_container vc_col-sm-6\"><div class=\"vc_column-inner\"><div class=\"wpb_wrapper\">\r\n\t<div class=\"bauer-spacer clearfix\" data-desktop=\"75\" data-mobi=\"75\" data-smobi=\"75\"><\/div><div class=\"bauer-images-carousel  arrow-center has-borders\" data-auto=\"true\" data-loop=\"true\" data-gap=\"0\" data-column=\"1\" data-column2=\"1\" data-column3=\"1\">\r\n        <div class=\"owl-carousel owl-theme\"><div class=\"item-wrap\"><img decoding=\"async\" src=\"https:\/\/bdm.com.tr\/wp-content\/uploads\/2024\/10\/prototip-e1753424069602.jpg\" alt=\"Image\"><\/div><div class=\"item-wrap\"><img decoding=\"async\" src=\"https:\/\/bdm.com.tr\/wp-content\/uploads\/2024\/10\/555_edited.jpg\" alt=\"Image\"><\/div><div class=\"item-wrap\"><img decoding=\"async\" src=\"https:\/\/bdm.com.tr\/wp-content\/uploads\/2025\/07\/t.jpg\" alt=\"Image\"><\/div><div class=\"item-wrap\"><img decoding=\"async\" src=\"https:\/\/bdm.com.tr\/wp-content\/uploads\/2025\/07\/t-49.jpg\" alt=\"Image\"><\/div><div class=\"item-wrap\"><img decoding=\"async\" src=\"https:\/\/bdm.com.tr\/wp-content\/uploads\/2025\/07\/t-27.jpg\" alt=\"Image\"><\/div><div class=\"item-wrap\"><img decoding=\"async\" src=\"https:\/\/bdm.com.tr\/wp-content\/uploads\/2025\/07\/t-3.jpg\" alt=\"Image\"><\/div><div class=\"item-wrap\"><img decoding=\"async\" src=\"https:\/\/bdm.com.tr\/wp-content\/uploads\/2025\/07\/t-8.jpg\" alt=\"Image\"><\/div><div class=\"item-wrap\"><img decoding=\"async\" src=\"https:\/\/bdm.com.tr\/wp-content\/uploads\/2025\/07\/t-9.jpg\" alt=\"Image\"><\/div><div class=\"item-wrap\"><img decoding=\"async\" src=\"https:\/\/bdm.com.tr\/wp-content\/uploads\/2025\/07\/t-33.jpg\" alt=\"Image\"><\/div><\/div><\/div><\/div><\/div><\/div><\/div><\/div><\/section><\/div><div class=\"vc-custom-col-spacing clearfix vc-col-spacing-30\"><section class=\"wpb_row vc_row-fluid row-content-position-Default\"><div class=\"bauer-container\"><div class=\"row-inner clearfix\"><div class=\"wpb_column vc_column_container vc_col-sm-12\"><div class=\"vc_column-inner\"><div class=\"wpb_wrapper\"><div class=\"bauer-images-carousel  arrow-center\" data-auto=\"false\" data-loop=\"false\" data-gap=\"30\" data-column=\"5\" data-column2=\"5\" data-column3=\"1\">\r\n        <div class=\"owl-carousel owl-theme\"><div class=\"item-wrap\"><img decoding=\"async\" src=\"https:\/\/bdm.com.tr\/wp-content\/uploads\/2025\/07\/a-12-600x500.png\" alt=\"Image\"><\/div><div class=\"item-wrap\"><img decoding=\"async\" src=\"https:\/\/bdm.com.tr\/wp-content\/uploads\/2025\/07\/a-11-600x500.png\" alt=\"Image\"><\/div><div class=\"item-wrap\"><img decoding=\"async\" src=\"https:\/\/bdm.com.tr\/wp-content\/uploads\/2025\/07\/a-10-600x500.png\" alt=\"Image\"><\/div><div class=\"item-wrap\"><img decoding=\"async\" src=\"https:\/\/bdm.com.tr\/wp-content\/uploads\/2025\/07\/a-9-600x500.png\" alt=\"Image\"><\/div><div class=\"item-wrap\"><img decoding=\"async\" src=\"https:\/\/bdm.com.tr\/wp-content\/uploads\/2025\/07\/b4-e1753723010374.jpg\" alt=\"Image\"><\/div><\/div><\/div><\/div><\/div><\/div><\/div><\/div><\/section><\/div>\n<\/div>","protected":false},"excerpt":{"rendered":"Tasar\u0131m ve Teknolojiyle \u00dcretimde Fark Yarat\u0131yoruz Firmam\u0131z, T\u00fcrkiye\u2019deki ilk CAD\/CAM ve CNC kullan\u0131c\u0131lar\u0131ndan olup, bu sistemleri kullanarak uzun y\u0131llard\u0131r kal\u0131p imalat sekt\u00f6r\u00fcne hizmet vermektedir. Son y\u0131llarda montaj fikst\u00fcrleri, \u00f6zel aparat ve tezg\u00e2h imalatlar\u0131n\u0131 da ayn\u0131 hassasiyetle bu sistemler \u00fczerinden ger\u00e7ekle\u015ftirmektedir. Yaz\u0131l\u0131m altyap\u0131m\u0131zda; Euklid, Catia, Unigraphics, Esprit Mold ve AutoCAD gibi","protected":false},"author":3,"featured_media":0,"parent":0,"menu_order":0,"comment_status":"closed","ping_status":"closed","template":"","meta":{"footnotes":""},"class_list":["post-9394","page","type-page","status-publish","hentry"],"_links":{"self":[{"href":"https:\/\/bdm.com.tr\/en\/wp-json\/wp\/v2\/pages\/9394","targetHints":{"allow":["GET"]}}],"collection":[{"href":"https:\/\/bdm.com.tr\/en\/wp-json\/wp\/v2\/pages"}],"about":[{"href":"https:\/\/bdm.com.tr\/en\/wp-json\/wp\/v2\/types\/page"}],"author":[{"embeddable":true,"href":"https:\/\/bdm.com.tr\/en\/wp-json\/wp\/v2\/users\/3"}],"replies":[{"embeddable":true,"href":"https:\/\/bdm.com.tr\/en\/wp-json\/wp\/v2\/comments?post=9394"}],"version-history":[{"count":18,"href":"https:\/\/bdm.com.tr\/en\/wp-json\/wp\/v2\/pages\/9394\/revisions"}],"predecessor-version":[{"id":10439,"href":"https:\/\/bdm.com.tr\/en\/wp-json\/wp\/v2\/pages\/9394\/revisions\/10439"}],"wp:attachment":[{"href":"https:\/\/bdm.com.tr\/en\/wp-json\/wp\/v2\/media?parent=9394"}],"curies":[{"name":"wp","href":"https:\/\/api.w.org\/{rel}","templated":true}]}}