{"id":9662,"date":"2024-11-27T14:48:50","date_gmt":"2024-11-27T11:48:50","guid":{"rendered":"https:\/\/bdm.com.tr\/wp\/wordpress\/?page_id=9662"},"modified":"2025-07-25T08:32:35","modified_gmt":"2025-07-25T05:32:35","slug":"kalite","status":"publish","type":"page","link":"https:\/\/bdm.com.tr\/en\/kalite\/","title":{"rendered":"Quality"},"content":{"rendered":"<div class=\"wpb-content-wrapper\"><div class=\"vc-custom-col-spacing clearfix vc-col-spacing-30\"><section class=\"wpb_row vc_row-fluid row-content-position-Default\"><div class=\"bauer-container\"><div class=\"row-inner clearfix\"><div class=\"wpb_column vc_column_container vc_col-sm-8\"><div class=\"vc_column-inner\"><div class=\"wpb_wrapper\"><h2 class=\"bauer-text clearfix text-center\" style=\"max-width:730px;margin-left: auto; margin-right: auto;\"><p>Faro Gage ile %100 Do\u011fruluk ve Kapsaml\u0131 Analizler<\/p>\n<\/h2><div class=\"bauer-single-heading clearfix text-center\" style=\"margin-bottom:24px;\"><span class=\"inner\"><span class=\"heading clearfix\" style=\"color:#bf3226;\">\r\n\t\tY\u00fcksek Hassasiyetli \u00d6l\u00e7\u00fcm \u00c7\u00f6z\u00fcmleri\r\n\t<\/span><\/span><\/div><div class=\"bauer-text clearfix text-center\" style=\"font-size:18px;line-height:30px;color:#414042;\"><p data-start=\"198\" data-end=\"471\">30 y\u0131l\u0131 a\u015fk\u0131n tecr\u00fcbemizle metal par\u00e7a CNC i\u015fleme ve kal\u0131p imalat\u0131 alan\u0131nda y\u00fcksek kalite standartlar\u0131yla \u00fcretim yapmaktay\u0131z. Kalite kontrol s\u00fcre\u00e7lerimizde, \u00fcretimin her a\u015famas\u0131nda \u00f6l\u00e7\u00fcm do\u011frulu\u011funu ve tekrarlanabilirli\u011fi sa\u011flamak i\u00e7in geli\u015fmi\u015f ekipmanlar kullan\u0131lmaktad\u0131r.<\/p>\n<p data-start=\"473\" data-end=\"921\">At\u00f6lyemizde bulunan \u00f6zel Faro Gage \u00f6l\u00e7\u00fcm cihaz\u0131, SPC, GD&amp;T\u00a0 gibi modern kalite analizlerine olanak tan\u0131r. Bu cihaz, tekrarl\u0131 par\u00e7a kontrolleri i\u00e7in \u00f6zel \u00f6l\u00e7\u00fcm programlar\u0131 olu\u015fturabilir, her \u00f6l\u00e7\u00fcm otomatik olarak kaydedilir ve kapsaml\u0131 kalite raporlar\u0131 olu\u015fturulur. B\u00f6ylece hem seri \u00fcretimde tutarl\u0131l\u0131k sa\u011flan\u0131r hem de m\u00fc\u015fteri taleplerine uygunluk en \u00fcst seviyede garanti alt\u0131na al\u0131n\u0131r.<\/p>\n<p data-start=\"925\" data-end=\"963\"><strong data-start=\"925\" data-end=\"949\">Cihaz \u00c7al\u0131\u015fma Hacmi:<\/strong> 1.2 m (48&#8243;)<\/p>\n<p data-start=\"966\" data-end=\"1007\"><strong data-start=\"966\" data-end=\"988\">\u00d6l\u00e7\u00fcm Hassasiyeti:<\/strong> 0,018 mm (0,0007&#8243;)<\/p>\n<p data-start=\"1009\" data-end=\"1139\">S\u00fcrekli iyile\u015ftirme yakla\u015f\u0131m\u0131yla, kalite kontrol sistemlerimizi teknolojik geli\u015fmelere paralel olarak g\u00fcncellemeye devam ediyoruz.<\/p>\n<\/div><\/div><\/div><\/div><div class=\"wpb_column vc_column_container vc_col-sm-4\"><div class=\"vc_column-inner\"><div class=\"wpb_wrapper\">\r\n\t<div class=\"bauer-spacer clearfix\" data-desktop=\"100\" data-mobi=\"100\" data-smobi=\"100\"><\/div><div class=\"bauer-images-carousel  arrow-center has-arrows\" data-auto=\"true\" data-loop=\"true\" data-gap=\"0\" data-column=\"1\" data-column2=\"1\" data-column3=\"1\">\r\n        <div class=\"owl-carousel owl-theme\"><div class=\"item-wrap\"><img decoding=\"async\" src=\"https:\/\/bdm.com.tr\/wp-content\/uploads\/2024\/10\/20-yil-belgesi-scaled.jpg\" alt=\"Image\"><\/div><div class=\"item-wrap\"><img decoding=\"async\" src=\"https:\/\/bdm.com.tr\/wp-content\/uploads\/2024\/10\/ser.jpg\" alt=\"Image\"><\/div><\/div><\/div><\/div><\/div><\/div><\/div><\/div><\/section><\/div>\n<\/div>","protected":false},"excerpt":{"rendered":"Faro Gage ile %100 Do\u011fruluk ve Kapsaml\u0131 Analizler Y\u00fcksek Hassasiyetli \u00d6l\u00e7\u00fcm \u00c7\u00f6z\u00fcmleri 30 y\u0131l\u0131 a\u015fk\u0131n tecr\u00fcbemizle metal par\u00e7a CNC i\u015fleme ve kal\u0131p imalat\u0131 alan\u0131nda y\u00fcksek kalite standartlar\u0131yla \u00fcretim yapmaktay\u0131z. Kalite kontrol s\u00fcre\u00e7lerimizde, \u00fcretimin her a\u015famas\u0131nda \u00f6l\u00e7\u00fcm do\u011frulu\u011funu ve tekrarlanabilirli\u011fi sa\u011flamak i\u00e7in geli\u015fmi\u015f ekipmanlar kullan\u0131lmaktad\u0131r. At\u00f6lyemizde bulunan \u00f6zel Faro Gage \u00f6l\u00e7\u00fcm","protected":false},"author":3,"featured_media":0,"parent":0,"menu_order":0,"comment_status":"closed","ping_status":"closed","template":"","meta":{"footnotes":""},"class_list":["post-9662","page","type-page","status-publish","hentry"],"_links":{"self":[{"href":"https:\/\/bdm.com.tr\/en\/wp-json\/wp\/v2\/pages\/9662","targetHints":{"allow":["GET"]}}],"collection":[{"href":"https:\/\/bdm.com.tr\/en\/wp-json\/wp\/v2\/pages"}],"about":[{"href":"https:\/\/bdm.com.tr\/en\/wp-json\/wp\/v2\/types\/page"}],"author":[{"embeddable":true,"href":"https:\/\/bdm.com.tr\/en\/wp-json\/wp\/v2\/users\/3"}],"replies":[{"embeddable":true,"href":"https:\/\/bdm.com.tr\/en\/wp-json\/wp\/v2\/comments?post=9662"}],"version-history":[{"count":10,"href":"https:\/\/bdm.com.tr\/en\/wp-json\/wp\/v2\/pages\/9662\/revisions"}],"predecessor-version":[{"id":10283,"href":"https:\/\/bdm.com.tr\/en\/wp-json\/wp\/v2\/pages\/9662\/revisions\/10283"}],"wp:attachment":[{"href":"https:\/\/bdm.com.tr\/en\/wp-json\/wp\/v2\/media?parent=9662"}],"curies":[{"name":"wp","href":"https:\/\/api.w.org\/{rel}","templated":true}]}}